{"id":7103,"date":"2023-03-10T14:43:29","date_gmt":"2023-03-10T13:43:29","guid":{"rendered":"https:\/\/polandsoultravel.com\/kathrin-seven-stories\/"},"modified":"2023-06-13T14:57:08","modified_gmt":"2023-06-13T12:57:08","slug":"kathrin-seven-stories","status":"publish","type":"page","link":"https:\/\/polandsoultravel.com\/pl\/kathrin-seven-stories\/","title":{"rendered":"Kathrin | Seven &#038; Stories  (AT)"},"content":{"rendered":"","protected":false},"excerpt":{"rendered":"","protected":false},"author":5,"featured_media":6070,"parent":0,"menu_order":0,"comment_status":"closed","ping_status":"closed","template":"template-modulowa.php","meta":{"_acf_changed":false,"footnotes":""},"class_list":["post-7103","page","type-page","status-publish","has-post-thumbnail","hentry"],"acf":[],"yoast_head":"<!-- This site is optimized with the Yoast SEO plugin v24.4 - https:\/\/yoast.com\/wordpress\/plugins\/seo\/ -->\n<title>Kathrin | Seven &amp; Stories (AT) - Poland Soul Travel - Poland. Come Closer.<\/title>\n<meta name=\"robots\" content=\"index, follow, max-snippet:-1, max-image-preview:large, max-video-preview:-1\" \/>\n<link rel=\"canonical\" href=\"https:\/\/polandsoultravel.com\/pl\/kathrin-seven-stories\/\" \/>\n<meta property=\"og:locale\" content=\"pl_PL\" \/>\n<meta property=\"og:type\" content=\"article\" \/>\n<meta property=\"og:title\" content=\"Kathrin | Seven &amp; Stories (AT) - Poland Soul Travel - Poland. Come Closer.\" \/>\n<meta property=\"og:url\" content=\"https:\/\/polandsoultravel.com\/pl\/kathrin-seven-stories\/\" \/>\n<meta property=\"og:site_name\" content=\"Poland Soul Travel - Poland. Come Closer.\" \/>\n<meta property=\"article:modified_time\" content=\"2023-06-13T12:57:08+00:00\" \/>\n<meta property=\"og:image\" content=\"https:\/\/polandsoultravel.com\/wp-content\/uploads\/2023\/03\/Kathrin_pion.jpg\" \/>\n\t<meta property=\"og:image:width\" content=\"1013\" \/>\n\t<meta property=\"og:image:height\" content=\"1217\" \/>\n\t<meta property=\"og:image:type\" content=\"image\/jpeg\" \/>\n<meta name=\"twitter:card\" content=\"summary_large_image\" \/>\n<script type=\"application\/ld+json\" class=\"yoast-schema-graph\">{\"@context\":\"https:\/\/schema.org\",\"@graph\":[{\"@type\":\"WebPage\",\"@id\":\"https:\/\/polandsoultravel.com\/pl\/kathrin-seven-stories\/\",\"url\":\"https:\/\/polandsoultravel.com\/pl\/kathrin-seven-stories\/\",\"name\":\"Kathrin | Seven & Stories (AT) - Poland Soul Travel - Poland. Come Closer.\",\"isPartOf\":{\"@id\":\"https:\/\/polandsoultravel.com\/pl\/#website\"},\"primaryImageOfPage\":{\"@id\":\"https:\/\/polandsoultravel.com\/pl\/kathrin-seven-stories\/#primaryimage\"},\"image\":{\"@id\":\"https:\/\/polandsoultravel.com\/pl\/kathrin-seven-stories\/#primaryimage\"},\"thumbnailUrl\":\"https:\/\/polandsoultravel.com\/wp-content\/uploads\/2023\/03\/Kathrin_pion.jpg\",\"datePublished\":\"2023-03-10T13:43:29+00:00\",\"dateModified\":\"2023-06-13T12:57:08+00:00\",\"inLanguage\":\"pl-PL\",\"potentialAction\":[{\"@type\":\"ReadAction\",\"target\":[\"https:\/\/polandsoultravel.com\/pl\/kathrin-seven-stories\/\"]}]},{\"@type\":\"ImageObject\",\"inLanguage\":\"pl-PL\",\"@id\":\"https:\/\/polandsoultravel.com\/pl\/kathrin-seven-stories\/#primaryimage\",\"url\":\"https:\/\/polandsoultravel.com\/wp-content\/uploads\/2023\/03\/Kathrin_pion.jpg\",\"contentUrl\":\"https:\/\/polandsoultravel.com\/wp-content\/uploads\/2023\/03\/Kathrin_pion.jpg\",\"width\":1013,\"height\":1217},{\"@type\":\"WebSite\",\"@id\":\"https:\/\/polandsoultravel.com\/pl\/#website\",\"url\":\"https:\/\/polandsoultravel.com\/pl\/\",\"name\":\"Poland Soul Travel - Poland. Come Closer.\",\"description\":\"Zusammen mit unseren Fremdenf\u00fchrern, den Gastgebern von klimatischen G\u00e4steh\u00e4usern aus verschiedenen Teilen des Landes, lernen Sie f\u00fcnf einzigartige Regionen.\",\"publisher\":{\"@id\":\"https:\/\/polandsoultravel.com\/pl\/#organization\"},\"potentialAction\":[{\"@type\":\"SearchAction\",\"target\":{\"@type\":\"EntryPoint\",\"urlTemplate\":\"https:\/\/polandsoultravel.com\/pl\/?s={search_term_string}\"},\"query-input\":{\"@type\":\"PropertyValueSpecification\",\"valueRequired\":true,\"valueName\":\"search_term_string\"}}],\"inLanguage\":\"pl-PL\"},{\"@type\":\"Organization\",\"@id\":\"https:\/\/polandsoultravel.com\/pl\/#organization\",\"name\":\"Poland Soul Travel - Poland. Come Closer.\",\"url\":\"https:\/\/polandsoultravel.com\/pl\/\",\"logo\":{\"@type\":\"ImageObject\",\"inLanguage\":\"pl-PL\",\"@id\":\"https:\/\/polandsoultravel.com\/pl\/#\/schema\/logo\/image\/\",\"url\":\"https:\/\/polandsoultravel.com\/wp-content\/uploads\/2022\/02\/cropped-Vector-Smart-Object.png\",\"contentUrl\":\"https:\/\/polandsoultravel.com\/wp-content\/uploads\/2022\/02\/cropped-Vector-Smart-Object.png\",\"width\":174,\"height\":65,\"caption\":\"Poland Soul Travel - Poland. Come Closer.\"},\"image\":{\"@id\":\"https:\/\/polandsoultravel.com\/pl\/#\/schema\/logo\/image\/\"}}]}<\/script>\n<!-- \/ Yoast SEO plugin. -->","yoast_head_json":{"title":"Kathrin | Seven & Stories (AT) - Poland Soul Travel - Poland. Come Closer.","robots":{"index":"index","follow":"follow","max-snippet":"max-snippet:-1","max-image-preview":"max-image-preview:large","max-video-preview":"max-video-preview:-1"},"canonical":"https:\/\/polandsoultravel.com\/pl\/kathrin-seven-stories\/","og_locale":"pl_PL","og_type":"article","og_title":"Kathrin | Seven & Stories (AT) - Poland Soul Travel - Poland. Come Closer.","og_url":"https:\/\/polandsoultravel.com\/pl\/kathrin-seven-stories\/","og_site_name":"Poland Soul Travel - Poland. Come Closer.","article_modified_time":"2023-06-13T12:57:08+00:00","og_image":[{"width":1013,"height":1217,"url":"https:\/\/polandsoultravel.com\/wp-content\/uploads\/2023\/03\/Kathrin_pion.jpg","type":"image\/jpeg"}],"twitter_card":"summary_large_image","schema":{"@context":"https:\/\/schema.org","@graph":[{"@type":"WebPage","@id":"https:\/\/polandsoultravel.com\/pl\/kathrin-seven-stories\/","url":"https:\/\/polandsoultravel.com\/pl\/kathrin-seven-stories\/","name":"Kathrin | Seven & Stories (AT) - Poland Soul Travel - Poland. Come Closer.","isPartOf":{"@id":"https:\/\/polandsoultravel.com\/pl\/#website"},"primaryImageOfPage":{"@id":"https:\/\/polandsoultravel.com\/pl\/kathrin-seven-stories\/#primaryimage"},"image":{"@id":"https:\/\/polandsoultravel.com\/pl\/kathrin-seven-stories\/#primaryimage"},"thumbnailUrl":"https:\/\/polandsoultravel.com\/wp-content\/uploads\/2023\/03\/Kathrin_pion.jpg","datePublished":"2023-03-10T13:43:29+00:00","dateModified":"2023-06-13T12:57:08+00:00","inLanguage":"pl-PL","potentialAction":[{"@type":"ReadAction","target":["https:\/\/polandsoultravel.com\/pl\/kathrin-seven-stories\/"]}]},{"@type":"ImageObject","inLanguage":"pl-PL","@id":"https:\/\/polandsoultravel.com\/pl\/kathrin-seven-stories\/#primaryimage","url":"https:\/\/polandsoultravel.com\/wp-content\/uploads\/2023\/03\/Kathrin_pion.jpg","contentUrl":"https:\/\/polandsoultravel.com\/wp-content\/uploads\/2023\/03\/Kathrin_pion.jpg","width":1013,"height":1217},{"@type":"WebSite","@id":"https:\/\/polandsoultravel.com\/pl\/#website","url":"https:\/\/polandsoultravel.com\/pl\/","name":"Poland Soul Travel - Poland. Come Closer.","description":"Zusammen mit unseren Fremdenf\u00fchrern, den Gastgebern von klimatischen G\u00e4steh\u00e4usern aus verschiedenen Teilen des Landes, lernen Sie f\u00fcnf einzigartige Regionen.","publisher":{"@id":"https:\/\/polandsoultravel.com\/pl\/#organization"},"potentialAction":[{"@type":"SearchAction","target":{"@type":"EntryPoint","urlTemplate":"https:\/\/polandsoultravel.com\/pl\/?s={search_term_string}"},"query-input":{"@type":"PropertyValueSpecification","valueRequired":true,"valueName":"search_term_string"}}],"inLanguage":"pl-PL"},{"@type":"Organization","@id":"https:\/\/polandsoultravel.com\/pl\/#organization","name":"Poland Soul Travel - Poland. Come Closer.","url":"https:\/\/polandsoultravel.com\/pl\/","logo":{"@type":"ImageObject","inLanguage":"pl-PL","@id":"https:\/\/polandsoultravel.com\/pl\/#\/schema\/logo\/image\/","url":"https:\/\/polandsoultravel.com\/wp-content\/uploads\/2022\/02\/cropped-Vector-Smart-Object.png","contentUrl":"https:\/\/polandsoultravel.com\/wp-content\/uploads\/2022\/02\/cropped-Vector-Smart-Object.png","width":174,"height":65,"caption":"Poland Soul Travel - Poland. Come Closer."},"image":{"@id":"https:\/\/polandsoultravel.com\/pl\/#\/schema\/logo\/image\/"}}]}},"_links":{"self":[{"href":"https:\/\/polandsoultravel.com\/pl\/wp-json\/wp\/v2\/pages\/7103","targetHints":{"allow":["GET"]}}],"collection":[{"href":"https:\/\/polandsoultravel.com\/pl\/wp-json\/wp\/v2\/pages"}],"about":[{"href":"https:\/\/polandsoultravel.com\/pl\/wp-json\/wp\/v2\/types\/page"}],"author":[{"embeddable":true,"href":"https:\/\/polandsoultravel.com\/pl\/wp-json\/wp\/v2\/users\/5"}],"replies":[{"embeddable":true,"href":"https:\/\/polandsoultravel.com\/pl\/wp-json\/wp\/v2\/comments?post=7103"}],"version-history":[{"count":1,"href":"https:\/\/polandsoultravel.com\/pl\/wp-json\/wp\/v2\/pages\/7103\/revisions"}],"predecessor-version":[{"id":7104,"href":"https:\/\/polandsoultravel.com\/pl\/wp-json\/wp\/v2\/pages\/7103\/revisions\/7104"}],"wp:featuredmedia":[{"embeddable":true,"href":"https:\/\/polandsoultravel.com\/pl\/wp-json\/wp\/v2\/media\/6070"}],"wp:attachment":[{"href":"https:\/\/polandsoultravel.com\/pl\/wp-json\/wp\/v2\/media?parent=7103"}],"curies":[{"name":"wp","href":"https:\/\/api.w.org\/{rel}","templated":true}]}}