{"id":7066,"date":"2023-03-16T10:18:13","date_gmt":"2023-03-16T09:18:13","guid":{"rendered":"https:\/\/polandsoultravel.com\/glatzerland-stories-2\/"},"modified":"2023-06-09T17:28:15","modified_gmt":"2023-06-09T15:28:15","slug":"glatzerland-stories-2","status":"publish","type":"page","link":"https:\/\/polandsoultravel.com\/pl\/glatzerland-stories-2\/","title":{"rendered":"Wolno\u015b\u0107 w krainie zakl\u0119tych ska\u0142, czyli historia Ma\u0107ka"},"content":{"rendered":"","protected":false},"excerpt":{"rendered":"","protected":false},"author":5,"featured_media":0,"parent":0,"menu_order":0,"comment_status":"closed","ping_status":"closed","template":"template-modulowa.php","meta":{"_acf_changed":false,"footnotes":""},"class_list":["post-7066","page","type-page","status-publish","hentry"],"acf":[],"yoast_head":"<!-- This site is optimized with the Yoast SEO plugin v24.4 - https:\/\/yoast.com\/wordpress\/plugins\/seo\/ -->\n<title>Wolno\u015b\u0107 w krainie zakl\u0119tych ska\u0142, czyli historia Ma\u0107ka - Poland Soul Travel - Poland. Come Closer.<\/title>\n<meta name=\"robots\" content=\"index, follow, max-snippet:-1, max-image-preview:large, max-video-preview:-1\" \/>\n<link rel=\"canonical\" href=\"https:\/\/polandsoultravel.com\/pl\/glatzerland-stories-2\/\" \/>\n<meta property=\"og:locale\" content=\"pl_PL\" \/>\n<meta property=\"og:type\" content=\"article\" \/>\n<meta property=\"og:title\" content=\"Wolno\u015b\u0107 w krainie zakl\u0119tych ska\u0142, czyli historia Ma\u0107ka - Poland Soul Travel - Poland. Come Closer.\" \/>\n<meta property=\"og:url\" content=\"https:\/\/polandsoultravel.com\/pl\/glatzerland-stories-2\/\" \/>\n<meta property=\"og:site_name\" content=\"Poland Soul Travel - Poland. Come Closer.\" \/>\n<meta property=\"article:modified_time\" content=\"2023-06-09T15:28:15+00:00\" \/>\n<meta property=\"og:image\" content=\"https:\/\/polandsoultravel.com\/wp-content\/uploads\/2023\/03\/POLAND-SOUL-TRAVEL-2023-COLLAGE_EMPTY-scaled.jpg\" \/>\n\t<meta property=\"og:image:width\" content=\"2048\" \/>\n\t<meta property=\"og:image:height\" content=\"1424\" \/>\n\t<meta property=\"og:image:type\" content=\"image\/jpeg\" \/>\n<meta name=\"twitter:card\" content=\"summary_large_image\" \/>\n<script type=\"application\/ld+json\" class=\"yoast-schema-graph\">{\"@context\":\"https:\/\/schema.org\",\"@graph\":[{\"@type\":\"WebPage\",\"@id\":\"https:\/\/polandsoultravel.com\/pl\/glatzerland-stories-2\/\",\"url\":\"https:\/\/polandsoultravel.com\/pl\/glatzerland-stories-2\/\",\"name\":\"Wolno\u015b\u0107 w krainie zakl\u0119tych ska\u0142, czyli historia Ma\u0107ka - Poland Soul Travel - Poland. Come Closer.\",\"isPartOf\":{\"@id\":\"https:\/\/polandsoultravel.com\/pl\/#website\"},\"datePublished\":\"2023-03-16T09:18:13+00:00\",\"dateModified\":\"2023-06-09T15:28:15+00:00\",\"inLanguage\":\"pl-PL\",\"potentialAction\":[{\"@type\":\"ReadAction\",\"target\":[\"https:\/\/polandsoultravel.com\/pl\/glatzerland-stories-2\/\"]}]},{\"@type\":\"WebSite\",\"@id\":\"https:\/\/polandsoultravel.com\/pl\/#website\",\"url\":\"https:\/\/polandsoultravel.com\/pl\/\",\"name\":\"Poland Soul Travel - Poland. Come Closer.\",\"description\":\"Zusammen mit unseren Fremdenf\u00fchrern, den Gastgebern von klimatischen G\u00e4steh\u00e4usern aus verschiedenen Teilen des Landes, lernen Sie f\u00fcnf einzigartige Regionen.\",\"publisher\":{\"@id\":\"https:\/\/polandsoultravel.com\/pl\/#organization\"},\"potentialAction\":[{\"@type\":\"SearchAction\",\"target\":{\"@type\":\"EntryPoint\",\"urlTemplate\":\"https:\/\/polandsoultravel.com\/pl\/?s={search_term_string}\"},\"query-input\":{\"@type\":\"PropertyValueSpecification\",\"valueRequired\":true,\"valueName\":\"search_term_string\"}}],\"inLanguage\":\"pl-PL\"},{\"@type\":\"Organization\",\"@id\":\"https:\/\/polandsoultravel.com\/pl\/#organization\",\"name\":\"Poland Soul Travel - Poland. Come Closer.\",\"url\":\"https:\/\/polandsoultravel.com\/pl\/\",\"logo\":{\"@type\":\"ImageObject\",\"inLanguage\":\"pl-PL\",\"@id\":\"https:\/\/polandsoultravel.com\/pl\/#\/schema\/logo\/image\/\",\"url\":\"https:\/\/polandsoultravel.com\/wp-content\/uploads\/2022\/02\/cropped-Vector-Smart-Object.png\",\"contentUrl\":\"https:\/\/polandsoultravel.com\/wp-content\/uploads\/2022\/02\/cropped-Vector-Smart-Object.png\",\"width\":174,\"height\":65,\"caption\":\"Poland Soul Travel - Poland. Come Closer.\"},\"image\":{\"@id\":\"https:\/\/polandsoultravel.com\/pl\/#\/schema\/logo\/image\/\"}}]}<\/script>\n<!-- \/ Yoast SEO plugin. -->","yoast_head_json":{"title":"Wolno\u015b\u0107 w krainie zakl\u0119tych ska\u0142, czyli historia Ma\u0107ka - Poland Soul Travel - Poland. Come Closer.","robots":{"index":"index","follow":"follow","max-snippet":"max-snippet:-1","max-image-preview":"max-image-preview:large","max-video-preview":"max-video-preview:-1"},"canonical":"https:\/\/polandsoultravel.com\/pl\/glatzerland-stories-2\/","og_locale":"pl_PL","og_type":"article","og_title":"Wolno\u015b\u0107 w krainie zakl\u0119tych ska\u0142, czyli historia Ma\u0107ka - Poland Soul Travel - Poland. Come Closer.","og_url":"https:\/\/polandsoultravel.com\/pl\/glatzerland-stories-2\/","og_site_name":"Poland Soul Travel - Poland. Come Closer.","article_modified_time":"2023-06-09T15:28:15+00:00","og_image":[{"width":2048,"height":1424,"url":"https:\/\/polandsoultravel.com\/wp-content\/uploads\/2023\/03\/POLAND-SOUL-TRAVEL-2023-COLLAGE_EMPTY-scaled.jpg","type":"image\/jpeg"}],"twitter_card":"summary_large_image","schema":{"@context":"https:\/\/schema.org","@graph":[{"@type":"WebPage","@id":"https:\/\/polandsoultravel.com\/pl\/glatzerland-stories-2\/","url":"https:\/\/polandsoultravel.com\/pl\/glatzerland-stories-2\/","name":"Wolno\u015b\u0107 w krainie zakl\u0119tych ska\u0142, czyli historia Ma\u0107ka - Poland Soul Travel - Poland. Come Closer.","isPartOf":{"@id":"https:\/\/polandsoultravel.com\/pl\/#website"},"datePublished":"2023-03-16T09:18:13+00:00","dateModified":"2023-06-09T15:28:15+00:00","inLanguage":"pl-PL","potentialAction":[{"@type":"ReadAction","target":["https:\/\/polandsoultravel.com\/pl\/glatzerland-stories-2\/"]}]},{"@type":"WebSite","@id":"https:\/\/polandsoultravel.com\/pl\/#website","url":"https:\/\/polandsoultravel.com\/pl\/","name":"Poland Soul Travel - Poland. Come Closer.","description":"Zusammen mit unseren Fremdenf\u00fchrern, den Gastgebern von klimatischen G\u00e4steh\u00e4usern aus verschiedenen Teilen des Landes, lernen Sie f\u00fcnf einzigartige Regionen.","publisher":{"@id":"https:\/\/polandsoultravel.com\/pl\/#organization"},"potentialAction":[{"@type":"SearchAction","target":{"@type":"EntryPoint","urlTemplate":"https:\/\/polandsoultravel.com\/pl\/?s={search_term_string}"},"query-input":{"@type":"PropertyValueSpecification","valueRequired":true,"valueName":"search_term_string"}}],"inLanguage":"pl-PL"},{"@type":"Organization","@id":"https:\/\/polandsoultravel.com\/pl\/#organization","name":"Poland Soul Travel - Poland. Come Closer.","url":"https:\/\/polandsoultravel.com\/pl\/","logo":{"@type":"ImageObject","inLanguage":"pl-PL","@id":"https:\/\/polandsoultravel.com\/pl\/#\/schema\/logo\/image\/","url":"https:\/\/polandsoultravel.com\/wp-content\/uploads\/2022\/02\/cropped-Vector-Smart-Object.png","contentUrl":"https:\/\/polandsoultravel.com\/wp-content\/uploads\/2022\/02\/cropped-Vector-Smart-Object.png","width":174,"height":65,"caption":"Poland Soul Travel - Poland. Come Closer."},"image":{"@id":"https:\/\/polandsoultravel.com\/pl\/#\/schema\/logo\/image\/"}}]}},"_links":{"self":[{"href":"https:\/\/polandsoultravel.com\/pl\/wp-json\/wp\/v2\/pages\/7066","targetHints":{"allow":["GET"]}}],"collection":[{"href":"https:\/\/polandsoultravel.com\/pl\/wp-json\/wp\/v2\/pages"}],"about":[{"href":"https:\/\/polandsoultravel.com\/pl\/wp-json\/wp\/v2\/types\/page"}],"author":[{"embeddable":true,"href":"https:\/\/polandsoultravel.com\/pl\/wp-json\/wp\/v2\/users\/5"}],"replies":[{"embeddable":true,"href":"https:\/\/polandsoultravel.com\/pl\/wp-json\/wp\/v2\/comments?post=7066"}],"version-history":[{"count":2,"href":"https:\/\/polandsoultravel.com\/pl\/wp-json\/wp\/v2\/pages\/7066\/revisions"}],"predecessor-version":[{"id":7068,"href":"https:\/\/polandsoultravel.com\/pl\/wp-json\/wp\/v2\/pages\/7066\/revisions\/7068"}],"wp:attachment":[{"href":"https:\/\/polandsoultravel.com\/pl\/wp-json\/wp\/v2\/media?parent=7066"}],"curies":[{"name":"wp","href":"https:\/\/api.w.org\/{rel}","templated":true}]}}