{"id":7065,"date":"2023-03-16T10:18:13","date_gmt":"2023-03-16T09:18:13","guid":{"rendered":"https:\/\/polandsoultravel.com\/glatzerland-stories-2\/"},"modified":"2023-06-30T11:00:46","modified_gmt":"2023-06-30T09:00:46","slug":"glatzerland-stories-2","status":"publish","type":"page","link":"https:\/\/polandsoultravel.com\/en\/glatzerland-stories-2\/","title":{"rendered":"Freedom in the land of enchanted rocks \u2013 Maciek\u2019s story"},"content":{"rendered":"","protected":false},"excerpt":{"rendered":"","protected":false},"author":5,"featured_media":0,"parent":0,"menu_order":0,"comment_status":"closed","ping_status":"closed","template":"template-modulowa.php","meta":{"_acf_changed":false,"footnotes":""},"class_list":["post-7065","page","type-page","status-publish","hentry"],"acf":[],"yoast_head":"<!-- This site is optimized with the Yoast SEO plugin v24.4 - https:\/\/yoast.com\/wordpress\/plugins\/seo\/ -->\n<title>Freedom in the land of enchanted rocks \u2013 Maciek\u2019s story - Poland Soul Travel - Wir laden Sie nach Polen im Slow-Stil ein<\/title>\n<meta name=\"robots\" content=\"index, follow, max-snippet:-1, max-image-preview:large, max-video-preview:-1\" \/>\n<link rel=\"canonical\" href=\"https:\/\/polandsoultravel.com\/en\/glatzerland-stories-2\/\" \/>\n<meta property=\"og:locale\" content=\"en_US\" \/>\n<meta property=\"og:type\" content=\"article\" \/>\n<meta property=\"og:title\" content=\"Freedom in the land of enchanted rocks \u2013 Maciek\u2019s story - Poland Soul Travel - Wir laden Sie nach Polen im Slow-Stil ein\" \/>\n<meta property=\"og:url\" content=\"https:\/\/polandsoultravel.com\/en\/glatzerland-stories-2\/\" \/>\n<meta property=\"og:site_name\" content=\"Poland Soul Travel - Wir laden Sie nach Polen im Slow-Stil ein\" \/>\n<meta property=\"article:modified_time\" content=\"2023-06-30T09:00:46+00:00\" \/>\n<meta property=\"og:image\" content=\"https:\/\/polandsoultravel.com\/wp-content\/uploads\/2023\/03\/POLAND-SOUL-TRAVEL-2023-COLLAGE_EMPTY-scaled.jpg\" \/>\n\t<meta property=\"og:image:width\" content=\"2048\" \/>\n\t<meta property=\"og:image:height\" content=\"1424\" \/>\n\t<meta property=\"og:image:type\" content=\"image\/jpeg\" \/>\n<meta name=\"twitter:card\" content=\"summary_large_image\" \/>\n<script type=\"application\/ld+json\" class=\"yoast-schema-graph\">{\"@context\":\"https:\/\/schema.org\",\"@graph\":[{\"@type\":\"WebPage\",\"@id\":\"https:\/\/polandsoultravel.com\/en\/glatzerland-stories-2\/\",\"url\":\"https:\/\/polandsoultravel.com\/en\/glatzerland-stories-2\/\",\"name\":\"Freedom in the land of enchanted rocks \u2013 Maciek\u2019s story - Poland Soul Travel - Wir laden Sie nach Polen im Slow-Stil ein\",\"isPartOf\":{\"@id\":\"https:\/\/polandsoultravel.com\/en\/#website\"},\"datePublished\":\"2023-03-16T09:18:13+00:00\",\"dateModified\":\"2023-06-30T09:00:46+00:00\",\"inLanguage\":\"en-US\",\"potentialAction\":[{\"@type\":\"ReadAction\",\"target\":[\"https:\/\/polandsoultravel.com\/en\/glatzerland-stories-2\/\"]}]},{\"@type\":\"WebSite\",\"@id\":\"https:\/\/polandsoultravel.com\/en\/#website\",\"url\":\"https:\/\/polandsoultravel.com\/en\/\",\"name\":\"Poland Soul Travel - Wir laden Sie nach Polen im Slow-Stil ein\",\"description\":\"Zusammen mit unseren Fremdenf\u00fchrern, den Gastgebern von klimatischen G\u00e4steh\u00e4usern aus verschiedenen Teilen des Landes, lernen Sie f\u00fcnf einzigartige Regionen.\",\"publisher\":{\"@id\":\"https:\/\/polandsoultravel.com\/en\/#organization\"},\"potentialAction\":[{\"@type\":\"SearchAction\",\"target\":{\"@type\":\"EntryPoint\",\"urlTemplate\":\"https:\/\/polandsoultravel.com\/en\/?s={search_term_string}\"},\"query-input\":{\"@type\":\"PropertyValueSpecification\",\"valueRequired\":true,\"valueName\":\"search_term_string\"}}],\"inLanguage\":\"en-US\"},{\"@type\":\"Organization\",\"@id\":\"https:\/\/polandsoultravel.com\/en\/#organization\",\"name\":\"Poland Soul Travel - Wir laden Sie nach Polen im Slow-Stil ein\",\"url\":\"https:\/\/polandsoultravel.com\/en\/\",\"logo\":{\"@type\":\"ImageObject\",\"inLanguage\":\"en-US\",\"@id\":\"https:\/\/polandsoultravel.com\/en\/#\/schema\/logo\/image\/\",\"url\":\"https:\/\/polandsoultravel.com\/wp-content\/uploads\/2022\/02\/cropped-Vector-Smart-Object.png\",\"contentUrl\":\"https:\/\/polandsoultravel.com\/wp-content\/uploads\/2022\/02\/cropped-Vector-Smart-Object.png\",\"width\":174,\"height\":65,\"caption\":\"Poland Soul Travel - Wir laden Sie nach Polen im Slow-Stil ein\"},\"image\":{\"@id\":\"https:\/\/polandsoultravel.com\/en\/#\/schema\/logo\/image\/\"}}]}<\/script>\n<!-- \/ Yoast SEO plugin. -->","yoast_head_json":{"title":"Freedom in the land of enchanted rocks \u2013 Maciek\u2019s story - Poland Soul Travel - Wir laden Sie nach Polen im Slow-Stil ein","robots":{"index":"index","follow":"follow","max-snippet":"max-snippet:-1","max-image-preview":"max-image-preview:large","max-video-preview":"max-video-preview:-1"},"canonical":"https:\/\/polandsoultravel.com\/en\/glatzerland-stories-2\/","og_locale":"en_US","og_type":"article","og_title":"Freedom in the land of enchanted rocks \u2013 Maciek\u2019s story - Poland Soul Travel - Wir laden Sie nach Polen im Slow-Stil ein","og_url":"https:\/\/polandsoultravel.com\/en\/glatzerland-stories-2\/","og_site_name":"Poland Soul Travel - Wir laden Sie nach Polen im Slow-Stil ein","article_modified_time":"2023-06-30T09:00:46+00:00","og_image":[{"width":2048,"height":1424,"url":"https:\/\/polandsoultravel.com\/wp-content\/uploads\/2023\/03\/POLAND-SOUL-TRAVEL-2023-COLLAGE_EMPTY-scaled.jpg","type":"image\/jpeg"}],"twitter_card":"summary_large_image","schema":{"@context":"https:\/\/schema.org","@graph":[{"@type":"WebPage","@id":"https:\/\/polandsoultravel.com\/en\/glatzerland-stories-2\/","url":"https:\/\/polandsoultravel.com\/en\/glatzerland-stories-2\/","name":"Freedom in the land of enchanted rocks \u2013 Maciek\u2019s story - Poland Soul Travel - Wir laden Sie nach Polen im Slow-Stil ein","isPartOf":{"@id":"https:\/\/polandsoultravel.com\/en\/#website"},"datePublished":"2023-03-16T09:18:13+00:00","dateModified":"2023-06-30T09:00:46+00:00","inLanguage":"en-US","potentialAction":[{"@type":"ReadAction","target":["https:\/\/polandsoultravel.com\/en\/glatzerland-stories-2\/"]}]},{"@type":"WebSite","@id":"https:\/\/polandsoultravel.com\/en\/#website","url":"https:\/\/polandsoultravel.com\/en\/","name":"Poland Soul Travel - Wir laden Sie nach Polen im Slow-Stil ein","description":"Zusammen mit unseren Fremdenf\u00fchrern, den Gastgebern von klimatischen G\u00e4steh\u00e4usern aus verschiedenen Teilen des Landes, lernen Sie f\u00fcnf einzigartige Regionen.","publisher":{"@id":"https:\/\/polandsoultravel.com\/en\/#organization"},"potentialAction":[{"@type":"SearchAction","target":{"@type":"EntryPoint","urlTemplate":"https:\/\/polandsoultravel.com\/en\/?s={search_term_string}"},"query-input":{"@type":"PropertyValueSpecification","valueRequired":true,"valueName":"search_term_string"}}],"inLanguage":"en-US"},{"@type":"Organization","@id":"https:\/\/polandsoultravel.com\/en\/#organization","name":"Poland Soul Travel - Wir laden Sie nach Polen im Slow-Stil ein","url":"https:\/\/polandsoultravel.com\/en\/","logo":{"@type":"ImageObject","inLanguage":"en-US","@id":"https:\/\/polandsoultravel.com\/en\/#\/schema\/logo\/image\/","url":"https:\/\/polandsoultravel.com\/wp-content\/uploads\/2022\/02\/cropped-Vector-Smart-Object.png","contentUrl":"https:\/\/polandsoultravel.com\/wp-content\/uploads\/2022\/02\/cropped-Vector-Smart-Object.png","width":174,"height":65,"caption":"Poland Soul Travel - Wir laden Sie nach Polen im Slow-Stil ein"},"image":{"@id":"https:\/\/polandsoultravel.com\/en\/#\/schema\/logo\/image\/"}}]}},"_links":{"self":[{"href":"https:\/\/polandsoultravel.com\/en\/wp-json\/wp\/v2\/pages\/7065","targetHints":{"allow":["GET"]}}],"collection":[{"href":"https:\/\/polandsoultravel.com\/en\/wp-json\/wp\/v2\/pages"}],"about":[{"href":"https:\/\/polandsoultravel.com\/en\/wp-json\/wp\/v2\/types\/page"}],"author":[{"embeddable":true,"href":"https:\/\/polandsoultravel.com\/en\/wp-json\/wp\/v2\/users\/5"}],"replies":[{"embeddable":true,"href":"https:\/\/polandsoultravel.com\/en\/wp-json\/wp\/v2\/comments?post=7065"}],"version-history":[{"count":2,"href":"https:\/\/polandsoultravel.com\/en\/wp-json\/wp\/v2\/pages\/7065\/revisions"}],"predecessor-version":[{"id":9842,"href":"https:\/\/polandsoultravel.com\/en\/wp-json\/wp\/v2\/pages\/7065\/revisions\/9842"}],"wp:attachment":[{"href":"https:\/\/polandsoultravel.com\/en\/wp-json\/wp\/v2\/media?parent=7065"}],"curies":[{"name":"wp","href":"https:\/\/api.w.org\/{rel}","templated":true}]}}