{"id":6991,"date":"2023-03-01T14:47:03","date_gmt":"2023-03-01T13:47:03","guid":{"rendered":"https:\/\/polandsoultravel.com\/regionlublin-stories1\/"},"modified":"2023-06-20T16:03:15","modified_gmt":"2023-06-20T14:03:15","slug":"regionlublin-stories1","status":"publish","type":"page","link":"https:\/\/polandsoultravel.com\/en\/regionlublin-stories1\/","title":{"rendered":"Die Region Lublin &#8211; Die Idylle hautnah erleben"},"content":{"rendered":"","protected":false},"excerpt":{"rendered":"","protected":false},"author":5,"featured_media":5457,"parent":0,"menu_order":0,"comment_status":"closed","ping_status":"closed","template":"template-modulowa.php","meta":{"_acf_changed":false,"footnotes":""},"class_list":["post-6991","page","type-page","status-publish","has-post-thumbnail","hentry"],"acf":[],"yoast_head":"<!-- This site is optimized with the Yoast SEO plugin v24.4 - https:\/\/yoast.com\/wordpress\/plugins\/seo\/ -->\n<title>Die Region Lublin - Die Idylle hautnah erleben - Poland Soul Travel - Wir laden Sie nach Polen im Slow-Stil ein<\/title>\n<meta name=\"robots\" content=\"index, follow, max-snippet:-1, max-image-preview:large, max-video-preview:-1\" \/>\n<link rel=\"canonical\" href=\"https:\/\/polandsoultravel.com\/en\/regionlublin-stories1\/\" \/>\n<meta property=\"og:locale\" content=\"en_US\" \/>\n<meta property=\"og:type\" content=\"article\" \/>\n<meta property=\"og:title\" content=\"Die Region Lublin - Die Idylle hautnah erleben - Poland Soul Travel - Wir laden Sie nach Polen im Slow-Stil ein\" \/>\n<meta property=\"og:url\" content=\"https:\/\/polandsoultravel.com\/en\/regionlublin-stories1\/\" \/>\n<meta property=\"og:site_name\" content=\"Poland Soul Travel - Wir laden Sie nach Polen im Slow-Stil ein\" \/>\n<meta property=\"article:modified_time\" content=\"2023-06-20T14:03:15+00:00\" \/>\n<meta property=\"og:image\" content=\"https:\/\/polandsoultravel.com\/wp-content\/uploads\/2023\/03\/Ewa-i-Tomek-fot.-Kasia-Kolodziej-LubaMoja-e1678276958755.jpg\" \/>\n\t<meta property=\"og:image:width\" content=\"1516\" \/>\n\t<meta property=\"og:image:height\" content=\"1280\" \/>\n\t<meta property=\"og:image:type\" content=\"image\/jpeg\" \/>\n<meta name=\"twitter:card\" content=\"summary_large_image\" \/>\n<script type=\"application\/ld+json\" class=\"yoast-schema-graph\">{\"@context\":\"https:\/\/schema.org\",\"@graph\":[{\"@type\":\"WebPage\",\"@id\":\"https:\/\/polandsoultravel.com\/en\/regionlublin-stories1\/\",\"url\":\"https:\/\/polandsoultravel.com\/en\/regionlublin-stories1\/\",\"name\":\"Die Region Lublin - Die Idylle hautnah erleben - Poland Soul Travel - Wir laden Sie nach Polen im Slow-Stil ein\",\"isPartOf\":{\"@id\":\"https:\/\/polandsoultravel.com\/en\/#website\"},\"primaryImageOfPage\":{\"@id\":\"https:\/\/polandsoultravel.com\/en\/regionlublin-stories1\/#primaryimage\"},\"image\":{\"@id\":\"https:\/\/polandsoultravel.com\/en\/regionlublin-stories1\/#primaryimage\"},\"thumbnailUrl\":\"https:\/\/polandsoultravel.com\/wp-content\/uploads\/2023\/03\/Ewa-i-Tomek-fot.-Kasia-Kolodziej-LubaMoja-e1678276958755.jpg\",\"datePublished\":\"2023-03-01T13:47:03+00:00\",\"dateModified\":\"2023-06-20T14:03:15+00:00\",\"inLanguage\":\"en-US\",\"potentialAction\":[{\"@type\":\"ReadAction\",\"target\":[\"https:\/\/polandsoultravel.com\/en\/regionlublin-stories1\/\"]}]},{\"@type\":\"ImageObject\",\"inLanguage\":\"en-US\",\"@id\":\"https:\/\/polandsoultravel.com\/en\/regionlublin-stories1\/#primaryimage\",\"url\":\"https:\/\/polandsoultravel.com\/wp-content\/uploads\/2023\/03\/Ewa-i-Tomek-fot.-Kasia-Kolodziej-LubaMoja-e1678276958755.jpg\",\"contentUrl\":\"https:\/\/polandsoultravel.com\/wp-content\/uploads\/2023\/03\/Ewa-i-Tomek-fot.-Kasia-Kolodziej-LubaMoja-e1678276958755.jpg\",\"width\":1516,\"height\":1280},{\"@type\":\"WebSite\",\"@id\":\"https:\/\/polandsoultravel.com\/en\/#website\",\"url\":\"https:\/\/polandsoultravel.com\/en\/\",\"name\":\"Poland Soul Travel - Wir laden Sie nach Polen im Slow-Stil ein\",\"description\":\"Zusammen mit unseren Fremdenf\u00fchrern, den Gastgebern von klimatischen G\u00e4steh\u00e4usern aus verschiedenen Teilen des Landes, lernen Sie f\u00fcnf einzigartige Regionen.\",\"publisher\":{\"@id\":\"https:\/\/polandsoultravel.com\/en\/#organization\"},\"potentialAction\":[{\"@type\":\"SearchAction\",\"target\":{\"@type\":\"EntryPoint\",\"urlTemplate\":\"https:\/\/polandsoultravel.com\/en\/?s={search_term_string}\"},\"query-input\":{\"@type\":\"PropertyValueSpecification\",\"valueRequired\":true,\"valueName\":\"search_term_string\"}}],\"inLanguage\":\"en-US\"},{\"@type\":\"Organization\",\"@id\":\"https:\/\/polandsoultravel.com\/en\/#organization\",\"name\":\"Poland Soul Travel - Wir laden Sie nach Polen im Slow-Stil ein\",\"url\":\"https:\/\/polandsoultravel.com\/en\/\",\"logo\":{\"@type\":\"ImageObject\",\"inLanguage\":\"en-US\",\"@id\":\"https:\/\/polandsoultravel.com\/en\/#\/schema\/logo\/image\/\",\"url\":\"https:\/\/polandsoultravel.com\/wp-content\/uploads\/2022\/02\/cropped-Vector-Smart-Object.png\",\"contentUrl\":\"https:\/\/polandsoultravel.com\/wp-content\/uploads\/2022\/02\/cropped-Vector-Smart-Object.png\",\"width\":174,\"height\":65,\"caption\":\"Poland Soul Travel - Wir laden Sie nach Polen im Slow-Stil ein\"},\"image\":{\"@id\":\"https:\/\/polandsoultravel.com\/en\/#\/schema\/logo\/image\/\"}}]}<\/script>\n<!-- \/ Yoast SEO plugin. -->","yoast_head_json":{"title":"Die Region Lublin - Die Idylle hautnah erleben - Poland Soul Travel - Wir laden Sie nach Polen im Slow-Stil ein","robots":{"index":"index","follow":"follow","max-snippet":"max-snippet:-1","max-image-preview":"max-image-preview:large","max-video-preview":"max-video-preview:-1"},"canonical":"https:\/\/polandsoultravel.com\/en\/regionlublin-stories1\/","og_locale":"en_US","og_type":"article","og_title":"Die Region Lublin - Die Idylle hautnah erleben - Poland Soul Travel - Wir laden Sie nach Polen im Slow-Stil ein","og_url":"https:\/\/polandsoultravel.com\/en\/regionlublin-stories1\/","og_site_name":"Poland Soul Travel - Wir laden Sie nach Polen im Slow-Stil ein","article_modified_time":"2023-06-20T14:03:15+00:00","og_image":[{"width":1516,"height":1280,"url":"https:\/\/polandsoultravel.com\/wp-content\/uploads\/2023\/03\/Ewa-i-Tomek-fot.-Kasia-Kolodziej-LubaMoja-e1678276958755.jpg","type":"image\/jpeg"}],"twitter_card":"summary_large_image","schema":{"@context":"https:\/\/schema.org","@graph":[{"@type":"WebPage","@id":"https:\/\/polandsoultravel.com\/en\/regionlublin-stories1\/","url":"https:\/\/polandsoultravel.com\/en\/regionlublin-stories1\/","name":"Die Region Lublin - Die Idylle hautnah erleben - Poland Soul Travel - Wir laden Sie nach Polen im Slow-Stil ein","isPartOf":{"@id":"https:\/\/polandsoultravel.com\/en\/#website"},"primaryImageOfPage":{"@id":"https:\/\/polandsoultravel.com\/en\/regionlublin-stories1\/#primaryimage"},"image":{"@id":"https:\/\/polandsoultravel.com\/en\/regionlublin-stories1\/#primaryimage"},"thumbnailUrl":"https:\/\/polandsoultravel.com\/wp-content\/uploads\/2023\/03\/Ewa-i-Tomek-fot.-Kasia-Kolodziej-LubaMoja-e1678276958755.jpg","datePublished":"2023-03-01T13:47:03+00:00","dateModified":"2023-06-20T14:03:15+00:00","inLanguage":"en-US","potentialAction":[{"@type":"ReadAction","target":["https:\/\/polandsoultravel.com\/en\/regionlublin-stories1\/"]}]},{"@type":"ImageObject","inLanguage":"en-US","@id":"https:\/\/polandsoultravel.com\/en\/regionlublin-stories1\/#primaryimage","url":"https:\/\/polandsoultravel.com\/wp-content\/uploads\/2023\/03\/Ewa-i-Tomek-fot.-Kasia-Kolodziej-LubaMoja-e1678276958755.jpg","contentUrl":"https:\/\/polandsoultravel.com\/wp-content\/uploads\/2023\/03\/Ewa-i-Tomek-fot.-Kasia-Kolodziej-LubaMoja-e1678276958755.jpg","width":1516,"height":1280},{"@type":"WebSite","@id":"https:\/\/polandsoultravel.com\/en\/#website","url":"https:\/\/polandsoultravel.com\/en\/","name":"Poland Soul Travel - Wir laden Sie nach Polen im Slow-Stil ein","description":"Zusammen mit unseren Fremdenf\u00fchrern, den Gastgebern von klimatischen G\u00e4steh\u00e4usern aus verschiedenen Teilen des Landes, lernen Sie f\u00fcnf einzigartige Regionen.","publisher":{"@id":"https:\/\/polandsoultravel.com\/en\/#organization"},"potentialAction":[{"@type":"SearchAction","target":{"@type":"EntryPoint","urlTemplate":"https:\/\/polandsoultravel.com\/en\/?s={search_term_string}"},"query-input":{"@type":"PropertyValueSpecification","valueRequired":true,"valueName":"search_term_string"}}],"inLanguage":"en-US"},{"@type":"Organization","@id":"https:\/\/polandsoultravel.com\/en\/#organization","name":"Poland Soul Travel - Wir laden Sie nach Polen im Slow-Stil ein","url":"https:\/\/polandsoultravel.com\/en\/","logo":{"@type":"ImageObject","inLanguage":"en-US","@id":"https:\/\/polandsoultravel.com\/en\/#\/schema\/logo\/image\/","url":"https:\/\/polandsoultravel.com\/wp-content\/uploads\/2022\/02\/cropped-Vector-Smart-Object.png","contentUrl":"https:\/\/polandsoultravel.com\/wp-content\/uploads\/2022\/02\/cropped-Vector-Smart-Object.png","width":174,"height":65,"caption":"Poland Soul Travel - Wir laden Sie nach Polen im Slow-Stil ein"},"image":{"@id":"https:\/\/polandsoultravel.com\/en\/#\/schema\/logo\/image\/"}}]}},"_links":{"self":[{"href":"https:\/\/polandsoultravel.com\/en\/wp-json\/wp\/v2\/pages\/6991","targetHints":{"allow":["GET"]}}],"collection":[{"href":"https:\/\/polandsoultravel.com\/en\/wp-json\/wp\/v2\/pages"}],"about":[{"href":"https:\/\/polandsoultravel.com\/en\/wp-json\/wp\/v2\/types\/page"}],"author":[{"embeddable":true,"href":"https:\/\/polandsoultravel.com\/en\/wp-json\/wp\/v2\/users\/5"}],"replies":[{"embeddable":true,"href":"https:\/\/polandsoultravel.com\/en\/wp-json\/wp\/v2\/comments?post=6991"}],"version-history":[{"count":1,"href":"https:\/\/polandsoultravel.com\/en\/wp-json\/wp\/v2\/pages\/6991\/revisions"}],"predecessor-version":[{"id":7623,"href":"https:\/\/polandsoultravel.com\/en\/wp-json\/wp\/v2\/pages\/6991\/revisions\/7623"}],"wp:featuredmedia":[{"embeddable":true,"href":"https:\/\/polandsoultravel.com\/en\/wp-json\/wp\/v2\/media\/5457"}],"wp:attachment":[{"href":"https:\/\/polandsoultravel.com\/en\/wp-json\/wp\/v2\/media?parent=6991"}],"curies":[{"name":"wp","href":"https:\/\/api.w.org\/{rel}","templated":true}]}}