{"id":6979,"date":"2023-03-15T19:20:14","date_gmt":"2023-03-15T18:20:14","guid":{"rendered":"https:\/\/polandsoultravel.com\/bieszczady-stories2\/"},"modified":"2023-06-30T11:20:07","modified_gmt":"2023-06-30T09:20:07","slug":"bieszczady-stories2","status":"publish","type":"page","link":"https:\/\/polandsoultravel.com\/en\/bieszczady-stories2\/","title":{"rendered":"Kazimierz &#8211; a forester from the Bieszczady Mountains"},"content":{"rendered":"","protected":false},"excerpt":{"rendered":"","protected":false},"author":5,"featured_media":6279,"parent":0,"menu_order":0,"comment_status":"closed","ping_status":"closed","template":"template-modulowa.php","meta":{"_acf_changed":false,"footnotes":""},"class_list":["post-6979","page","type-page","status-publish","has-post-thumbnail","hentry"],"acf":[],"yoast_head":"<!-- This site is optimized with the Yoast SEO plugin v24.4 - https:\/\/yoast.com\/wordpress\/plugins\/seo\/ -->\n<title>Kazimierz - a forester from the Bieszczady Mountains - Poland Soul Travel - Wir laden Sie nach Polen im Slow-Stil ein<\/title>\n<meta name=\"robots\" content=\"index, follow, max-snippet:-1, max-image-preview:large, max-video-preview:-1\" \/>\n<link rel=\"canonical\" href=\"https:\/\/polandsoultravel.com\/en\/bieszczady-stories2\/\" \/>\n<meta property=\"og:locale\" content=\"en_US\" \/>\n<meta property=\"og:type\" content=\"article\" \/>\n<meta property=\"og:title\" content=\"Kazimierz - a forester from the Bieszczady Mountains - Poland Soul Travel - Wir laden Sie nach Polen im Slow-Stil ein\" \/>\n<meta property=\"og:url\" content=\"https:\/\/polandsoultravel.com\/en\/bieszczady-stories2\/\" \/>\n<meta property=\"og:site_name\" content=\"Poland Soul Travel - Wir laden Sie nach Polen im Slow-Stil ein\" \/>\n<meta property=\"article:modified_time\" content=\"2023-06-30T09:20:07+00:00\" \/>\n<meta property=\"og:image\" content=\"https:\/\/polandsoultravel.com\/wp-content\/uploads\/2023\/03\/Kazimierz-Nozka-03-fot.-Grzegorz-Lesniewski1-e1678918022975.png\" \/>\n\t<meta property=\"og:image:width\" content=\"1756\" \/>\n\t<meta property=\"og:image:height\" content=\"1286\" \/>\n\t<meta property=\"og:image:type\" content=\"image\/png\" \/>\n<meta name=\"twitter:card\" content=\"summary_large_image\" \/>\n<script type=\"application\/ld+json\" class=\"yoast-schema-graph\">{\"@context\":\"https:\/\/schema.org\",\"@graph\":[{\"@type\":\"WebPage\",\"@id\":\"https:\/\/polandsoultravel.com\/en\/bieszczady-stories2\/\",\"url\":\"https:\/\/polandsoultravel.com\/en\/bieszczady-stories2\/\",\"name\":\"Kazimierz - a forester from the Bieszczady Mountains - Poland Soul Travel - Wir laden Sie nach Polen im Slow-Stil ein\",\"isPartOf\":{\"@id\":\"https:\/\/polandsoultravel.com\/en\/#website\"},\"primaryImageOfPage\":{\"@id\":\"https:\/\/polandsoultravel.com\/en\/bieszczady-stories2\/#primaryimage\"},\"image\":{\"@id\":\"https:\/\/polandsoultravel.com\/en\/bieszczady-stories2\/#primaryimage\"},\"thumbnailUrl\":\"https:\/\/polandsoultravel.com\/wp-content\/uploads\/2023\/03\/Kazimierz-Nozka-03-fot.-Grzegorz-Lesniewski1-e1678918022975.png\",\"datePublished\":\"2023-03-15T18:20:14+00:00\",\"dateModified\":\"2023-06-30T09:20:07+00:00\",\"inLanguage\":\"en-US\",\"potentialAction\":[{\"@type\":\"ReadAction\",\"target\":[\"https:\/\/polandsoultravel.com\/en\/bieszczady-stories2\/\"]}]},{\"@type\":\"ImageObject\",\"inLanguage\":\"en-US\",\"@id\":\"https:\/\/polandsoultravel.com\/en\/bieszczady-stories2\/#primaryimage\",\"url\":\"https:\/\/polandsoultravel.com\/wp-content\/uploads\/2023\/03\/Kazimierz-Nozka-03-fot.-Grzegorz-Lesniewski1-e1678918022975.png\",\"contentUrl\":\"https:\/\/polandsoultravel.com\/wp-content\/uploads\/2023\/03\/Kazimierz-Nozka-03-fot.-Grzegorz-Lesniewski1-e1678918022975.png\",\"width\":1756,\"height\":1286},{\"@type\":\"WebSite\",\"@id\":\"https:\/\/polandsoultravel.com\/en\/#website\",\"url\":\"https:\/\/polandsoultravel.com\/en\/\",\"name\":\"Poland Soul Travel - Wir laden Sie nach Polen im Slow-Stil ein\",\"description\":\"Zusammen mit unseren Fremdenf\u00fchrern, den Gastgebern von klimatischen G\u00e4steh\u00e4usern aus verschiedenen Teilen des Landes, lernen Sie f\u00fcnf einzigartige Regionen.\",\"publisher\":{\"@id\":\"https:\/\/polandsoultravel.com\/en\/#organization\"},\"potentialAction\":[{\"@type\":\"SearchAction\",\"target\":{\"@type\":\"EntryPoint\",\"urlTemplate\":\"https:\/\/polandsoultravel.com\/en\/?s={search_term_string}\"},\"query-input\":{\"@type\":\"PropertyValueSpecification\",\"valueRequired\":true,\"valueName\":\"search_term_string\"}}],\"inLanguage\":\"en-US\"},{\"@type\":\"Organization\",\"@id\":\"https:\/\/polandsoultravel.com\/en\/#organization\",\"name\":\"Poland Soul Travel - Wir laden Sie nach Polen im Slow-Stil ein\",\"url\":\"https:\/\/polandsoultravel.com\/en\/\",\"logo\":{\"@type\":\"ImageObject\",\"inLanguage\":\"en-US\",\"@id\":\"https:\/\/polandsoultravel.com\/en\/#\/schema\/logo\/image\/\",\"url\":\"https:\/\/polandsoultravel.com\/wp-content\/uploads\/2022\/02\/cropped-Vector-Smart-Object.png\",\"contentUrl\":\"https:\/\/polandsoultravel.com\/wp-content\/uploads\/2022\/02\/cropped-Vector-Smart-Object.png\",\"width\":174,\"height\":65,\"caption\":\"Poland Soul Travel - Wir laden Sie nach Polen im Slow-Stil ein\"},\"image\":{\"@id\":\"https:\/\/polandsoultravel.com\/en\/#\/schema\/logo\/image\/\"}}]}<\/script>\n<!-- \/ Yoast SEO plugin. -->","yoast_head_json":{"title":"Kazimierz - a forester from the Bieszczady Mountains - Poland Soul Travel - Wir laden Sie nach Polen im Slow-Stil ein","robots":{"index":"index","follow":"follow","max-snippet":"max-snippet:-1","max-image-preview":"max-image-preview:large","max-video-preview":"max-video-preview:-1"},"canonical":"https:\/\/polandsoultravel.com\/en\/bieszczady-stories2\/","og_locale":"en_US","og_type":"article","og_title":"Kazimierz - a forester from the Bieszczady Mountains - Poland Soul Travel - Wir laden Sie nach Polen im Slow-Stil ein","og_url":"https:\/\/polandsoultravel.com\/en\/bieszczady-stories2\/","og_site_name":"Poland Soul Travel - Wir laden Sie nach Polen im Slow-Stil ein","article_modified_time":"2023-06-30T09:20:07+00:00","og_image":[{"width":1756,"height":1286,"url":"https:\/\/polandsoultravel.com\/wp-content\/uploads\/2023\/03\/Kazimierz-Nozka-03-fot.-Grzegorz-Lesniewski1-e1678918022975.png","type":"image\/png"}],"twitter_card":"summary_large_image","schema":{"@context":"https:\/\/schema.org","@graph":[{"@type":"WebPage","@id":"https:\/\/polandsoultravel.com\/en\/bieszczady-stories2\/","url":"https:\/\/polandsoultravel.com\/en\/bieszczady-stories2\/","name":"Kazimierz - a forester from the Bieszczady Mountains - Poland Soul Travel - Wir laden Sie nach Polen im Slow-Stil ein","isPartOf":{"@id":"https:\/\/polandsoultravel.com\/en\/#website"},"primaryImageOfPage":{"@id":"https:\/\/polandsoultravel.com\/en\/bieszczady-stories2\/#primaryimage"},"image":{"@id":"https:\/\/polandsoultravel.com\/en\/bieszczady-stories2\/#primaryimage"},"thumbnailUrl":"https:\/\/polandsoultravel.com\/wp-content\/uploads\/2023\/03\/Kazimierz-Nozka-03-fot.-Grzegorz-Lesniewski1-e1678918022975.png","datePublished":"2023-03-15T18:20:14+00:00","dateModified":"2023-06-30T09:20:07+00:00","inLanguage":"en-US","potentialAction":[{"@type":"ReadAction","target":["https:\/\/polandsoultravel.com\/en\/bieszczady-stories2\/"]}]},{"@type":"ImageObject","inLanguage":"en-US","@id":"https:\/\/polandsoultravel.com\/en\/bieszczady-stories2\/#primaryimage","url":"https:\/\/polandsoultravel.com\/wp-content\/uploads\/2023\/03\/Kazimierz-Nozka-03-fot.-Grzegorz-Lesniewski1-e1678918022975.png","contentUrl":"https:\/\/polandsoultravel.com\/wp-content\/uploads\/2023\/03\/Kazimierz-Nozka-03-fot.-Grzegorz-Lesniewski1-e1678918022975.png","width":1756,"height":1286},{"@type":"WebSite","@id":"https:\/\/polandsoultravel.com\/en\/#website","url":"https:\/\/polandsoultravel.com\/en\/","name":"Poland Soul Travel - Wir laden Sie nach Polen im Slow-Stil ein","description":"Zusammen mit unseren Fremdenf\u00fchrern, den Gastgebern von klimatischen G\u00e4steh\u00e4usern aus verschiedenen Teilen des Landes, lernen Sie f\u00fcnf einzigartige Regionen.","publisher":{"@id":"https:\/\/polandsoultravel.com\/en\/#organization"},"potentialAction":[{"@type":"SearchAction","target":{"@type":"EntryPoint","urlTemplate":"https:\/\/polandsoultravel.com\/en\/?s={search_term_string}"},"query-input":{"@type":"PropertyValueSpecification","valueRequired":true,"valueName":"search_term_string"}}],"inLanguage":"en-US"},{"@type":"Organization","@id":"https:\/\/polandsoultravel.com\/en\/#organization","name":"Poland Soul Travel - Wir laden Sie nach Polen im Slow-Stil ein","url":"https:\/\/polandsoultravel.com\/en\/","logo":{"@type":"ImageObject","inLanguage":"en-US","@id":"https:\/\/polandsoultravel.com\/en\/#\/schema\/logo\/image\/","url":"https:\/\/polandsoultravel.com\/wp-content\/uploads\/2022\/02\/cropped-Vector-Smart-Object.png","contentUrl":"https:\/\/polandsoultravel.com\/wp-content\/uploads\/2022\/02\/cropped-Vector-Smart-Object.png","width":174,"height":65,"caption":"Poland Soul Travel - Wir laden Sie nach Polen im Slow-Stil ein"},"image":{"@id":"https:\/\/polandsoultravel.com\/en\/#\/schema\/logo\/image\/"}}]}},"_links":{"self":[{"href":"https:\/\/polandsoultravel.com\/en\/wp-json\/wp\/v2\/pages\/6979","targetHints":{"allow":["GET"]}}],"collection":[{"href":"https:\/\/polandsoultravel.com\/en\/wp-json\/wp\/v2\/pages"}],"about":[{"href":"https:\/\/polandsoultravel.com\/en\/wp-json\/wp\/v2\/types\/page"}],"author":[{"embeddable":true,"href":"https:\/\/polandsoultravel.com\/en\/wp-json\/wp\/v2\/users\/5"}],"replies":[{"embeddable":true,"href":"https:\/\/polandsoultravel.com\/en\/wp-json\/wp\/v2\/comments?post=6979"}],"version-history":[{"count":2,"href":"https:\/\/polandsoultravel.com\/en\/wp-json\/wp\/v2\/pages\/6979\/revisions"}],"predecessor-version":[{"id":7827,"href":"https:\/\/polandsoultravel.com\/en\/wp-json\/wp\/v2\/pages\/6979\/revisions\/7827"}],"wp:featuredmedia":[{"embeddable":true,"href":"https:\/\/polandsoultravel.com\/en\/wp-json\/wp\/v2\/media\/6279"}],"wp:attachment":[{"href":"https:\/\/polandsoultravel.com\/en\/wp-json\/wp\/v2\/media?parent=6979"}],"curies":[{"name":"wp","href":"https:\/\/api.w.org\/{rel}","templated":true}]}}