{"id":10493,"date":"2026-02-10T11:09:04","date_gmt":"2026-02-10T10:09:04","guid":{"rendered":"https:\/\/polandsoultravel.com\/carola-lady-outdoors-de-kleinpolen\/"},"modified":"2026-02-10T11:30:12","modified_gmt":"2026-02-10T10:30:12","slug":"carola-lady-outdoors-de-kleinpolen","status":"publish","type":"page","link":"https:\/\/polandsoultravel.com\/en\/carola-lady-outdoors-de-kleinpolen\/","title":{"rendered":"Carola | Lady Outdoors (DE) | Lesser Poland"},"content":{"rendered":"","protected":false},"excerpt":{"rendered":"","protected":false},"author":8,"featured_media":10473,"parent":0,"menu_order":0,"comment_status":"closed","ping_status":"closed","template":"template-modulowa.php","meta":{"_acf_changed":false,"footnotes":""},"class_list":["post-10493","page","type-page","status-publish","has-post-thumbnail","hentry"],"acf":[],"yoast_head":"<!-- This site is optimized with the Yoast SEO plugin v24.4 - https:\/\/yoast.com\/wordpress\/plugins\/seo\/ -->\n<title>Carola | Lady Outdoors (DE) | Lesser Poland - Poland Soul Travel - Wir laden Sie nach Polen im Slow-Stil ein<\/title>\n<meta name=\"robots\" content=\"index, follow, max-snippet:-1, max-image-preview:large, max-video-preview:-1\" \/>\n<link rel=\"canonical\" href=\"https:\/\/polandsoultravel.com\/en\/carola-lady-outdoors-de-kleinpolen\/\" \/>\n<meta property=\"og:locale\" content=\"en_US\" \/>\n<meta property=\"og:type\" content=\"article\" \/>\n<meta property=\"og:title\" content=\"Carola | Lady Outdoors (DE) | Lesser Poland - Poland Soul Travel - Wir laden Sie nach Polen im Slow-Stil ein\" \/>\n<meta property=\"og:url\" content=\"https:\/\/polandsoultravel.com\/en\/carola-lady-outdoors-de-kleinpolen\/\" \/>\n<meta property=\"og:site_name\" content=\"Poland Soul Travel - Wir laden Sie nach Polen im Slow-Stil ein\" \/>\n<meta property=\"article:modified_time\" content=\"2026-02-10T10:30:12+00:00\" \/>\n<meta property=\"og:image\" content=\"https:\/\/polandsoultravel.com\/wp-content\/uploads\/2026\/02\/breakmalopolska.jpg\" \/>\n\t<meta property=\"og:image:width\" content=\"1613\" \/>\n\t<meta property=\"og:image:height\" content=\"1210\" \/>\n\t<meta property=\"og:image:type\" content=\"image\/jpeg\" \/>\n<meta name=\"twitter:card\" content=\"summary_large_image\" \/>\n<meta name=\"twitter:label1\" content=\"Est. reading time\" \/>\n\t<meta name=\"twitter:data1\" content=\"1 minute\" \/>\n<script type=\"application\/ld+json\" class=\"yoast-schema-graph\">{\"@context\":\"https:\/\/schema.org\",\"@graph\":[{\"@type\":\"WebPage\",\"@id\":\"https:\/\/polandsoultravel.com\/en\/carola-lady-outdoors-de-kleinpolen\/\",\"url\":\"https:\/\/polandsoultravel.com\/en\/carola-lady-outdoors-de-kleinpolen\/\",\"name\":\"Carola | Lady Outdoors (DE) | Lesser Poland - Poland Soul Travel - Wir laden Sie nach Polen im Slow-Stil ein\",\"isPartOf\":{\"@id\":\"https:\/\/polandsoultravel.com\/en\/#website\"},\"primaryImageOfPage\":{\"@id\":\"https:\/\/polandsoultravel.com\/en\/carola-lady-outdoors-de-kleinpolen\/#primaryimage\"},\"image\":{\"@id\":\"https:\/\/polandsoultravel.com\/en\/carola-lady-outdoors-de-kleinpolen\/#primaryimage\"},\"thumbnailUrl\":\"https:\/\/polandsoultravel.com\/wp-content\/uploads\/2026\/02\/breakmalopolska.jpg\",\"datePublished\":\"2026-02-10T10:09:04+00:00\",\"dateModified\":\"2026-02-10T10:30:12+00:00\",\"inLanguage\":\"en-US\",\"potentialAction\":[{\"@type\":\"ReadAction\",\"target\":[\"https:\/\/polandsoultravel.com\/en\/carola-lady-outdoors-de-kleinpolen\/\"]}]},{\"@type\":\"ImageObject\",\"inLanguage\":\"en-US\",\"@id\":\"https:\/\/polandsoultravel.com\/en\/carola-lady-outdoors-de-kleinpolen\/#primaryimage\",\"url\":\"https:\/\/polandsoultravel.com\/wp-content\/uploads\/2026\/02\/breakmalopolska.jpg\",\"contentUrl\":\"https:\/\/polandsoultravel.com\/wp-content\/uploads\/2026\/02\/breakmalopolska.jpg\",\"width\":1613,\"height\":1210},{\"@type\":\"WebSite\",\"@id\":\"https:\/\/polandsoultravel.com\/en\/#website\",\"url\":\"https:\/\/polandsoultravel.com\/en\/\",\"name\":\"Poland Soul Travel - Wir laden Sie nach Polen im Slow-Stil ein\",\"description\":\"Zusammen mit unseren Fremdenf\u00fchrern, den Gastgebern von klimatischen G\u00e4steh\u00e4usern aus verschiedenen Teilen des Landes, lernen Sie f\u00fcnf einzigartige Regionen.\",\"publisher\":{\"@id\":\"https:\/\/polandsoultravel.com\/en\/#organization\"},\"potentialAction\":[{\"@type\":\"SearchAction\",\"target\":{\"@type\":\"EntryPoint\",\"urlTemplate\":\"https:\/\/polandsoultravel.com\/en\/?s={search_term_string}\"},\"query-input\":{\"@type\":\"PropertyValueSpecification\",\"valueRequired\":true,\"valueName\":\"search_term_string\"}}],\"inLanguage\":\"en-US\"},{\"@type\":\"Organization\",\"@id\":\"https:\/\/polandsoultravel.com\/en\/#organization\",\"name\":\"Poland Soul Travel - Wir laden Sie nach Polen im Slow-Stil ein\",\"url\":\"https:\/\/polandsoultravel.com\/en\/\",\"logo\":{\"@type\":\"ImageObject\",\"inLanguage\":\"en-US\",\"@id\":\"https:\/\/polandsoultravel.com\/en\/#\/schema\/logo\/image\/\",\"url\":\"https:\/\/polandsoultravel.com\/wp-content\/uploads\/2022\/02\/cropped-Vector-Smart-Object.png\",\"contentUrl\":\"https:\/\/polandsoultravel.com\/wp-content\/uploads\/2022\/02\/cropped-Vector-Smart-Object.png\",\"width\":174,\"height\":65,\"caption\":\"Poland Soul Travel - Wir laden Sie nach Polen im Slow-Stil ein\"},\"image\":{\"@id\":\"https:\/\/polandsoultravel.com\/en\/#\/schema\/logo\/image\/\"}}]}<\/script>\n<!-- \/ Yoast SEO plugin. -->","yoast_head_json":{"title":"Carola | Lady Outdoors (DE) | Lesser Poland - Poland Soul Travel - Wir laden Sie nach Polen im Slow-Stil ein","robots":{"index":"index","follow":"follow","max-snippet":"max-snippet:-1","max-image-preview":"max-image-preview:large","max-video-preview":"max-video-preview:-1"},"canonical":"https:\/\/polandsoultravel.com\/en\/carola-lady-outdoors-de-kleinpolen\/","og_locale":"en_US","og_type":"article","og_title":"Carola | Lady Outdoors (DE) | Lesser Poland - Poland Soul Travel - Wir laden Sie nach Polen im Slow-Stil ein","og_url":"https:\/\/polandsoultravel.com\/en\/carola-lady-outdoors-de-kleinpolen\/","og_site_name":"Poland Soul Travel - Wir laden Sie nach Polen im Slow-Stil ein","article_modified_time":"2026-02-10T10:30:12+00:00","og_image":[{"width":1613,"height":1210,"url":"https:\/\/polandsoultravel.com\/wp-content\/uploads\/2026\/02\/breakmalopolska.jpg","type":"image\/jpeg"}],"twitter_card":"summary_large_image","twitter_misc":{"Est. reading time":"1 minute"},"schema":{"@context":"https:\/\/schema.org","@graph":[{"@type":"WebPage","@id":"https:\/\/polandsoultravel.com\/en\/carola-lady-outdoors-de-kleinpolen\/","url":"https:\/\/polandsoultravel.com\/en\/carola-lady-outdoors-de-kleinpolen\/","name":"Carola | Lady Outdoors (DE) | Lesser Poland - Poland Soul Travel - Wir laden Sie nach Polen im Slow-Stil ein","isPartOf":{"@id":"https:\/\/polandsoultravel.com\/en\/#website"},"primaryImageOfPage":{"@id":"https:\/\/polandsoultravel.com\/en\/carola-lady-outdoors-de-kleinpolen\/#primaryimage"},"image":{"@id":"https:\/\/polandsoultravel.com\/en\/carola-lady-outdoors-de-kleinpolen\/#primaryimage"},"thumbnailUrl":"https:\/\/polandsoultravel.com\/wp-content\/uploads\/2026\/02\/breakmalopolska.jpg","datePublished":"2026-02-10T10:09:04+00:00","dateModified":"2026-02-10T10:30:12+00:00","inLanguage":"en-US","potentialAction":[{"@type":"ReadAction","target":["https:\/\/polandsoultravel.com\/en\/carola-lady-outdoors-de-kleinpolen\/"]}]},{"@type":"ImageObject","inLanguage":"en-US","@id":"https:\/\/polandsoultravel.com\/en\/carola-lady-outdoors-de-kleinpolen\/#primaryimage","url":"https:\/\/polandsoultravel.com\/wp-content\/uploads\/2026\/02\/breakmalopolska.jpg","contentUrl":"https:\/\/polandsoultravel.com\/wp-content\/uploads\/2026\/02\/breakmalopolska.jpg","width":1613,"height":1210},{"@type":"WebSite","@id":"https:\/\/polandsoultravel.com\/en\/#website","url":"https:\/\/polandsoultravel.com\/en\/","name":"Poland Soul Travel - Wir laden Sie nach Polen im Slow-Stil ein","description":"Zusammen mit unseren Fremdenf\u00fchrern, den Gastgebern von klimatischen G\u00e4steh\u00e4usern aus verschiedenen Teilen des Landes, lernen Sie f\u00fcnf einzigartige Regionen.","publisher":{"@id":"https:\/\/polandsoultravel.com\/en\/#organization"},"potentialAction":[{"@type":"SearchAction","target":{"@type":"EntryPoint","urlTemplate":"https:\/\/polandsoultravel.com\/en\/?s={search_term_string}"},"query-input":{"@type":"PropertyValueSpecification","valueRequired":true,"valueName":"search_term_string"}}],"inLanguage":"en-US"},{"@type":"Organization","@id":"https:\/\/polandsoultravel.com\/en\/#organization","name":"Poland Soul Travel - Wir laden Sie nach Polen im Slow-Stil ein","url":"https:\/\/polandsoultravel.com\/en\/","logo":{"@type":"ImageObject","inLanguage":"en-US","@id":"https:\/\/polandsoultravel.com\/en\/#\/schema\/logo\/image\/","url":"https:\/\/polandsoultravel.com\/wp-content\/uploads\/2022\/02\/cropped-Vector-Smart-Object.png","contentUrl":"https:\/\/polandsoultravel.com\/wp-content\/uploads\/2022\/02\/cropped-Vector-Smart-Object.png","width":174,"height":65,"caption":"Poland Soul Travel - Wir laden Sie nach Polen im Slow-Stil ein"},"image":{"@id":"https:\/\/polandsoultravel.com\/en\/#\/schema\/logo\/image\/"}}]}},"_links":{"self":[{"href":"https:\/\/polandsoultravel.com\/en\/wp-json\/wp\/v2\/pages\/10493","targetHints":{"allow":["GET"]}}],"collection":[{"href":"https:\/\/polandsoultravel.com\/en\/wp-json\/wp\/v2\/pages"}],"about":[{"href":"https:\/\/polandsoultravel.com\/en\/wp-json\/wp\/v2\/types\/page"}],"author":[{"embeddable":true,"href":"https:\/\/polandsoultravel.com\/en\/wp-json\/wp\/v2\/users\/8"}],"replies":[{"embeddable":true,"href":"https:\/\/polandsoultravel.com\/en\/wp-json\/wp\/v2\/comments?post=10493"}],"version-history":[{"count":2,"href":"https:\/\/polandsoultravel.com\/en\/wp-json\/wp\/v2\/pages\/10493\/revisions"}],"predecessor-version":[{"id":10499,"href":"https:\/\/polandsoultravel.com\/en\/wp-json\/wp\/v2\/pages\/10493\/revisions\/10499"}],"wp:featuredmedia":[{"embeddable":true,"href":"https:\/\/polandsoultravel.com\/en\/wp-json\/wp\/v2\/media\/10473"}],"wp:attachment":[{"href":"https:\/\/polandsoultravel.com\/en\/wp-json\/wp\/v2\/media?parent=10493"}],"curies":[{"name":"wp","href":"https:\/\/api.w.org\/{rel}","templated":true}]}}